{"id":99,"date":"2022-12-06T05:49:09","date_gmt":"2022-12-06T10:49:09","guid":{"rendered":"https:\/\/www.ecoledeconduiterahmalangelier.com\/?page_id=99"},"modified":"2023-04-26T16:32:17","modified_gmt":"2023-04-26T21:32:17","slug":"pourquoi-nous","status":"publish","type":"page","link":"http:\/\/34.23.227.12\/en\/pourquoi-nous\/","title":{"rendered":"Pourquoi nous"},"content":{"rendered":"<div data-elementor-type=\"wp-page\" data-elementor-id=\"99\" class=\"elementor elementor-99\">\n\t\t\t\t\t\t<section class=\"elementor-section elementor-top-section elementor-element elementor-element-0b41e7b elementor-section-boxed elementor-section-height-default elementor-section-height-default\" data-id=\"0b41e7b\" data-element_type=\"section\">\n\t\t\t\t\t\t<div class=\"elementor-container elementor-column-gap-default\">\n\t\t\t\t\t<div class=\"elementor-column elementor-col-100 elementor-top-column elementor-element elementor-element-49f0723\" data-id=\"49f0723\" data-element_type=\"column\">\n\t\t\t<div class=\"elementor-widget-wrap elementor-element-populated\">\n\t\t\t\t\t\t<div class=\"elementor-element elementor-element-9709835 elementor-widget elementor-widget-spacer\" data-id=\"9709835\" data-element_type=\"widget\" data-widget_type=\"spacer.default\">\n\t\t\t\t<div class=\"elementor-widget-container\">\n\t\t\t\t\t\t\t<div class=\"elementor-spacer\">\n\t\t\t<div class=\"elementor-spacer-inner\"><\/div>\n\t\t<\/div>\n\t\t\t\t\t\t<\/div>\n\t\t\t\t<\/div>\n\t\t\t\t\t<\/div>\n\t\t<\/div>\n\t\t\t\t\t<\/div>\n\t\t<\/section>\n\t\t\t\t<section class=\"elementor-section elementor-top-section elementor-element elementor-element-148c25fd elementor-section-content-middle elementor-section-boxed elementor-section-height-default elementor-section-height-default\" data-id=\"148c25fd\" data-element_type=\"section\" data-settings=\"{&quot;background_background&quot;:&quot;classic&quot;}\">\n\t\t\t\t\t\t<div class=\"elementor-container elementor-column-gap-no\">\n\t\t\t\t\t<div class=\"elementor-column elementor-col-100 elementor-top-column elementor-element elementor-element-52b76fbb\" data-id=\"52b76fbb\" data-element_type=\"column\">\n\t\t\t<div class=\"elementor-widget-wrap elementor-element-populated\">\n\t\t\t\t\t\t<div class=\"elementor-element elementor-element-43170a68 elementor-widget elementor-widget-heading\" data-id=\"43170a68\" data-element_type=\"widget\" data-widget_type=\"heading.default\">\n\t\t\t\t<div class=\"elementor-widget-container\">\n\t\t\t\t\t<h1 class=\"elementor-heading-title elementor-size-default\">RAHMA DRIVING SCHOOL IN SAINT-L\u00c9ONARD AND LONGUEUIL WAS FOUNDED AS A RESULT OF A PASSION FOR TEACHING DRIVING.<\/h1>\t\t\t\t<\/div>\n\t\t\t\t<\/div>\n\t\t\t\t\t<\/div>\n\t\t<\/div>\n\t\t\t\t\t<\/div>\n\t\t<\/section>\n\t\t\t\t<section class=\"elementor-section elementor-top-section elementor-element elementor-element-6f0cff5 elementor-section-full_width elementor-section-content-middle elementor-reverse-tablet elementor-reverse-mobile elementor-section-height-default elementor-section-height-default\" data-id=\"6f0cff5\" data-element_type=\"section\">\n\t\t\t\t\t\t<div class=\"elementor-container elementor-column-gap-no\">\n\t\t\t\t\t<div class=\"elementor-column elementor-col-50 elementor-top-column elementor-element elementor-element-78900ff3\" data-id=\"78900ff3\" data-element_type=\"column\">\n\t\t\t<div class=\"elementor-widget-wrap elementor-element-populated\">\n\t\t\t\t\t\t<div class=\"elementor-element elementor-element-33358ce4 elementor-widget elementor-widget-image\" data-id=\"33358ce4\" data-element_type=\"widget\" data-widget_type=\"image.default\">\n\t\t\t\t<div class=\"elementor-widget-container\">\n\t\t\t\t\t\t\t\t\t\t\t\t\t\t\t<img fetchpriority=\"high\" decoding=\"async\" width=\"722\" height=\"480\" src=\"http:\/\/34.23.227.12\/wp-content\/uploads\/2022\/12\/drv-1.jpg\" class=\"attachment-large size-large wp-image-299\" alt=\"\" srcset=\"http:\/\/34.23.227.12\/wp-content\/uploads\/2022\/12\/drv-1.jpg 722w, http:\/\/34.23.227.12\/wp-content\/uploads\/2022\/12\/drv-1-300x199.jpg 300w\" sizes=\"(max-width: 722px) 100vw, 722px\" \/>\t\t\t\t\t\t\t\t\t\t\t\t\t\t\t<\/div>\n\t\t\t\t<\/div>\n\t\t\t\t\t<\/div>\n\t\t<\/div>\n\t\t\t\t<div class=\"elementor-column elementor-col-50 elementor-top-column elementor-element elementor-element-d4cdf75\" data-id=\"d4cdf75\" data-element_type=\"column\">\n\t\t\t<div class=\"elementor-widget-wrap elementor-element-populated\">\n\t\t\t\t\t\t<div class=\"elementor-element elementor-element-48263aa4 elementor-widget elementor-widget-heading\" data-id=\"48263aa4\" data-element_type=\"widget\" data-widget_type=\"heading.default\">\n\t\t\t\t<div class=\"elementor-widget-container\">\n\t\t\t\t\t<h3 class=\"elementor-heading-title elementor-size-default\">TWO SCHOOLS DESIGNED FOR YOU<\/h3>\t\t\t\t<\/div>\n\t\t\t\t<\/div>\n\t\t\t\t<div class=\"elementor-element elementor-element-6a6cb030 elementor-widget elementor-widget-text-editor\" data-id=\"6a6cb030\" data-element_type=\"widget\" data-widget_type=\"text-editor.default\">\n\t\t\t\t<div class=\"elementor-widget-container\">\n\t\t\t\t\t\t\t\t\t<p>Your learning experience is the cornerstone of our teaching activities.<\/p><p>Our team is here to understand you, and to be patient to accompany you in your journey of a future excellent driver.<\/p><p>Your satisfaction is our success!<\/p><p>\u00a0<\/p>\t\t\t\t\t\t\t\t<\/div>\n\t\t\t\t<\/div>\n\t\t\t\t\t<\/div>\n\t\t<\/div>\n\t\t\t\t\t<\/div>\n\t\t<\/section>\n\t\t\t\t<section class=\"elementor-section elementor-top-section elementor-element elementor-element-54579a1b elementor-section-full_width elementor-section-content-middle elementor-section-height-default elementor-section-height-default\" data-id=\"54579a1b\" data-element_type=\"section\">\n\t\t\t\t\t\t<div class=\"elementor-container elementor-column-gap-no\">\n\t\t\t\t\t<div class=\"elementor-column elementor-col-100 elementor-top-column elementor-element elementor-element-6e495ff4\" data-id=\"6e495ff4\" data-element_type=\"column\">\n\t\t\t<div class=\"elementor-widget-wrap elementor-element-populated\">\n\t\t\t\t\t\t<div class=\"elementor-element elementor-element-516df641 elementor-widget elementor-widget-heading\" data-id=\"516df641\" data-element_type=\"widget\" data-widget_type=\"heading.default\">\n\t\t\t\t<div class=\"elementor-widget-container\">\n\t\t\t\t\t<h3 class=\"elementor-heading-title elementor-size-default\">WHY CHOOSE US<\/h3>\t\t\t\t<\/div>\n\t\t\t\t<\/div>\n\t\t\t\t<section class=\"elementor-section elementor-inner-section elementor-element elementor-element-5c2c2aa7 elementor-section-full_width elementor-section-height-default elementor-section-height-default\" data-id=\"5c2c2aa7\" data-element_type=\"section\">\n\t\t\t\t\t\t<div class=\"elementor-container elementor-column-gap-custom\">\n\t\t\t\t\t<div class=\"elementor-column elementor-col-33 elementor-inner-column elementor-element elementor-element-5aed257\" data-id=\"5aed257\" data-element_type=\"column\">\n\t\t\t<div class=\"elementor-widget-wrap elementor-element-populated\">\n\t\t\t\t\t\t<div class=\"elementor-element elementor-element-4d6ecaba elementor-widget elementor-widget-icon-box\" data-id=\"4d6ecaba\" data-element_type=\"widget\" data-widget_type=\"icon-box.default\">\n\t\t\t\t<div class=\"elementor-widget-container\">\n\t\t\t\t\t\t\t<div class=\"elementor-icon-box-wrapper\">\n\n\t\t\t\n\t\t\t\t\t\t<div class=\"elementor-icon-box-content\">\n\n\t\t\t\t\t\t\t\t\t<h4 class=\"elementor-icon-box-title\">\n\t\t\t\t\t\t<span  >\n\t\t\t\t\t\t\tEXCELLENCE\t\t\t\t\t\t<\/span>\n\t\t\t\t\t<\/h4>\n\t\t\t\t\n\t\t\t\t\t\t\t\t\t<p class=\"elementor-icon-box-description\">\n\t\t\t\t\t\tThe technical and personal competence behind the wheel of a car for each of our students after learning with us is our ultimate goal.\t\t\t\t\t<\/p>\n\t\t\t\t\n\t\t\t<\/div>\n\t\t\t\n\t\t<\/div>\n\t\t\t\t\t\t<\/div>\n\t\t\t\t<\/div>\n\t\t\t\t\t<\/div>\n\t\t<\/div>\n\t\t\t\t<div class=\"elementor-column elementor-col-33 elementor-inner-column elementor-element elementor-element-2793113c\" data-id=\"2793113c\" data-element_type=\"column\">\n\t\t\t<div class=\"elementor-widget-wrap elementor-element-populated\">\n\t\t\t\t\t\t<div class=\"elementor-element elementor-element-3ce5b466 elementor-widget elementor-widget-icon-box\" data-id=\"3ce5b466\" data-element_type=\"widget\" data-widget_type=\"icon-box.default\">\n\t\t\t\t<div class=\"elementor-widget-container\">\n\t\t\t\t\t\t\t<div class=\"elementor-icon-box-wrapper\">\n\n\t\t\t\n\t\t\t\t\t\t<div class=\"elementor-icon-box-content\">\n\n\t\t\t\t\t\t\t\t\t<h4 class=\"elementor-icon-box-title\">\n\t\t\t\t\t\t<span  >\n\t\t\t\t\t\t\tQUALITY OF SERVICE\t\t\t\t\t\t<\/span>\n\t\t\t\t\t<\/h4>\n\t\t\t\t\n\t\t\t\t\t\t\t\t\t<p class=\"elementor-icon-box-description\">\n\t\t\t\t\t\tWe provide all the conditions to create a pleasant learning environment for our students.<br>In short, the quality of our services in all aspects of the School Activity serves to provide a positive and memorable experience for all our students.\t\t\t\t\t<\/p>\n\t\t\t\t\n\t\t\t<\/div>\n\t\t\t\n\t\t<\/div>\n\t\t\t\t\t\t<\/div>\n\t\t\t\t<\/div>\n\t\t\t\t\t<\/div>\n\t\t<\/div>\n\t\t\t\t<div class=\"elementor-column elementor-col-33 elementor-inner-column elementor-element elementor-element-624d74df\" data-id=\"624d74df\" data-element_type=\"column\">\n\t\t\t<div class=\"elementor-widget-wrap elementor-element-populated\">\n\t\t\t\t\t\t<div class=\"elementor-element elementor-element-4a5957e4 elementor-widget elementor-widget-icon-box\" data-id=\"4a5957e4\" data-element_type=\"widget\" data-widget_type=\"icon-box.default\">\n\t\t\t\t<div class=\"elementor-widget-container\">\n\t\t\t\t\t\t\t<div class=\"elementor-icon-box-wrapper\">\n\n\t\t\t\n\t\t\t\t\t\t<div class=\"elementor-icon-box-content\">\n\n\t\t\t\t\t\t\t\t\t<h4 class=\"elementor-icon-box-title\">\n\t\t\t\t\t\t<span  >\n\t\t\t\t\t\t\tPROFESSIONALISM\t\t\t\t\t\t<\/span>\n\t\t\t\t\t<\/h4>\n\t\t\t\t\n\t\t\t\t\t\t\t\t\t<p class=\"elementor-icon-box-description\">\n\t\t\t\t\t\tOur team works with a work ethic focused on effectively imparting the skills essential to driving proficiency for all our students.<br>And all this is done in an interactive approach with the students and with mutual respect between teacher and student.\t\t\t\t\t<\/p>\n\t\t\t\t\n\t\t\t<\/div>\n\t\t\t\n\t\t<\/div>\n\t\t\t\t\t\t<\/div>\n\t\t\t\t<\/div>\n\t\t\t\t\t<\/div>\n\t\t<\/div>\n\t\t\t\t\t<\/div>\n\t\t<\/section>\n\t\t\t\t\t<\/div>\n\t\t<\/div>\n\t\t\t\t\t<\/div>\n\t\t<\/section>\n\t\t\t\t<section class=\"elementor-section elementor-top-section elementor-element elementor-element-61e4a141 elementor-section-content-middle elementor-section-full_width elementor-section-height-default elementor-section-height-default\" data-id=\"61e4a141\" data-element_type=\"section\">\n\t\t\t\t\t\t<div class=\"elementor-container elementor-column-gap-no\">\n\t\t\t\t\t<div class=\"elementor-column elementor-col-50 elementor-top-column elementor-element elementor-element-2f17ecf9\" data-id=\"2f17ecf9\" data-element_type=\"column\">\n\t\t\t<div class=\"elementor-widget-wrap elementor-element-populated\">\n\t\t\t\t\t\t<div class=\"elementor-element elementor-element-55a0414c elementor-widget elementor-widget-heading\" data-id=\"55a0414c\" data-element_type=\"widget\" data-widget_type=\"heading.default\">\n\t\t\t\t<div class=\"elementor-widget-container\">\n\t\t\t\t\t<h3 class=\"elementor-heading-title elementor-size-default\">CONTRIBUTION TO THE BEST ROAD BALANCE IN QUEBEC AND CANADA<\/h3>\t\t\t\t<\/div>\n\t\t\t\t<\/div>\n\t\t\t\t<div class=\"elementor-element elementor-element-7ae14b79 elementor-widget elementor-widget-text-editor\" data-id=\"7ae14b79\" data-element_type=\"widget\" data-widget_type=\"text-editor.default\">\n\t\t\t\t<div class=\"elementor-widget-container\">\n\t\t\t\t\t\t\t\t\t<p>The motto of Rahma Driving School in Saint-Leonard is to contribute to the safety of Quebec's road networks, one student at a time<\/p>\t\t\t\t\t\t\t\t<\/div>\n\t\t\t\t<\/div>\n\t\t\t\t\t<\/div>\n\t\t<\/div>\n\t\t\t\t<div class=\"elementor-column elementor-col-50 elementor-top-column elementor-element elementor-element-3b9831f3\" data-id=\"3b9831f3\" data-element_type=\"column\">\n\t\t\t<div class=\"elementor-widget-wrap elementor-element-populated\">\n\t\t\t\t\t\t<div class=\"elementor-element elementor-element-65bcd6cd elementor-widget elementor-widget-image\" data-id=\"65bcd6cd\" data-element_type=\"widget\" data-widget_type=\"image.default\">\n\t\t\t\t<div class=\"elementor-widget-container\">\n\t\t\t\t\t\t\t\t\t\t\t\t\t\t\t<img decoding=\"async\" width=\"720\" height=\"792\" src=\"http:\/\/34.23.227.12\/wp-content\/uploads\/2022\/12\/hm-debout.jpg\" class=\"attachment-large size-large wp-image-398\" alt=\"\" srcset=\"http:\/\/34.23.227.12\/wp-content\/uploads\/2022\/12\/hm-debout.jpg 720w, http:\/\/34.23.227.12\/wp-content\/uploads\/2022\/12\/hm-debout-273x300.jpg 273w\" sizes=\"(max-width: 720px) 100vw, 720px\" \/>\t\t\t\t\t\t\t\t\t\t\t\t\t\t\t<\/div>\n\t\t\t\t<\/div>\n\t\t\t\t\t<\/div>\n\t\t<\/div>\n\t\t\t\t\t<\/div>\n\t\t<\/section>\n\t\t\t\t<\/div>","protected":false},"excerpt":{"rendered":"<p>L&rsquo;\u00c9COLE DE CONDUITE RAHMA \u00c0 SAINT-L\u00c9ONARD ET A LONGUEUIL EST FOND\u00c9E SUITE \u00c0 UNE PASSION POUR L&rsquo;ENSEIGNEMENT DE CONDUITE AUTOMOBILE. DEUX \u00c9COLES B\u00c2TIES POUR VOUS SERVIR Votre experience d&rsquo;apprentissage constitue la pierre angulaire de nos activit\u00e9s d&rsquo;enseignement. Notre \u00e9quipe est l\u00e0 pour vous comprendre, et \u00eatre patiente pour vous accompagner dans votre parcours d&rsquo;un(e) futur(e) [&hellip;]<\/p>","protected":false},"author":1,"featured_media":0,"parent":0,"menu_order":0,"comment_status":"closed","ping_status":"closed","template":"","meta":{"footnotes":""},"class_list":["post-99","page","type-page","status-publish","hentry"],"yoast_head":"<!-- This site is optimized with the Yoast SEO plugin v25.2 - https:\/\/yoast.com\/wordpress\/plugins\/seo\/ -->\n<title>Pourquoi nous -<\/title>\n<meta name=\"robots\" content=\"index, follow, max-snippet:-1, max-image-preview:large, max-video-preview:-1\" \/>\n<link rel=\"canonical\" href=\"http:\/\/34.23.227.12\/en\/pourquoi-nous\/\" \/>\n<meta property=\"og:locale\" content=\"en_US\" \/>\n<meta property=\"og:type\" content=\"article\" \/>\n<meta property=\"og:title\" content=\"Pourquoi nous -\" \/>\n<meta property=\"og:description\" content=\"L&rsquo;\u00c9COLE DE CONDUITE RAHMA \u00c0 SAINT-L\u00c9ONARD ET A LONGUEUIL EST FOND\u00c9E SUITE \u00c0 UNE PASSION POUR L&rsquo;ENSEIGNEMENT DE CONDUITE AUTOMOBILE. DEUX \u00c9COLES B\u00c2TIES POUR VOUS SERVIR Votre experience d&rsquo;apprentissage constitue la pierre angulaire de nos activit\u00e9s d&rsquo;enseignement. Notre \u00e9quipe est l\u00e0 pour vous comprendre, et \u00eatre patiente pour vous accompagner dans votre parcours d&rsquo;un(e) futur(e) [&hellip;]\" \/>\n<meta property=\"og:url\" content=\"http:\/\/34.23.227.12\/en\/pourquoi-nous\/\" \/>\n<meta property=\"article:modified_time\" content=\"2023-04-26T21:32:17+00:00\" \/>\n<meta property=\"og:image\" content=\"http:\/\/www.ecoledeconduiterahmalangelier.com\/wp-content\/uploads\/2022\/12\/drv-1.jpg\" \/>\n<meta name=\"twitter:card\" content=\"summary_large_image\" \/>\n<meta name=\"twitter:label1\" content=\"Est. reading time\" \/>\n\t<meta name=\"twitter:data1\" content=\"2 minutes\" \/>\n<script type=\"application\/ld+json\" class=\"yoast-schema-graph\">{\"@context\":\"https:\/\/schema.org\",\"@graph\":[{\"@type\":\"WebPage\",\"@id\":\"http:\/\/34.23.227.12\/pourquoi-nous\/\",\"url\":\"http:\/\/34.23.227.12\/pourquoi-nous\/\",\"name\":\"Pourquoi nous -\",\"isPartOf\":{\"@id\":\"https:\/\/34.23.227.12\/#website\"},\"primaryImageOfPage\":{\"@id\":\"http:\/\/34.23.227.12\/pourquoi-nous\/#primaryimage\"},\"image\":{\"@id\":\"http:\/\/34.23.227.12\/pourquoi-nous\/#primaryimage\"},\"thumbnailUrl\":\"http:\/\/www.ecoledeconduiterahmalangelier.com\/wp-content\/uploads\/2022\/12\/drv-1.jpg\",\"datePublished\":\"2022-12-06T10:49:09+00:00\",\"dateModified\":\"2023-04-26T21:32:17+00:00\",\"breadcrumb\":{\"@id\":\"http:\/\/34.23.227.12\/pourquoi-nous\/#breadcrumb\"},\"inLanguage\":\"en-CA\",\"potentialAction\":[{\"@type\":\"ReadAction\",\"target\":[\"http:\/\/34.23.227.12\/pourquoi-nous\/\"]}]},{\"@type\":\"ImageObject\",\"inLanguage\":\"en-CA\",\"@id\":\"http:\/\/34.23.227.12\/pourquoi-nous\/#primaryimage\",\"url\":\"http:\/\/www.ecoledeconduiterahmalangelier.com\/wp-content\/uploads\/2022\/12\/drv-1.jpg\",\"contentUrl\":\"http:\/\/www.ecoledeconduiterahmalangelier.com\/wp-content\/uploads\/2022\/12\/drv-1.jpg\"},{\"@type\":\"BreadcrumbList\",\"@id\":\"http:\/\/34.23.227.12\/pourquoi-nous\/#breadcrumb\",\"itemListElement\":[{\"@type\":\"ListItem\",\"position\":1,\"name\":\"Accueil\",\"item\":\"https:\/\/www.ecoledeconduiterahmalangelier.com\/en\/\"},{\"@type\":\"ListItem\",\"position\":2,\"name\":\"Pourquoi nous\"}]},{\"@type\":\"WebSite\",\"@id\":\"https:\/\/34.23.227.12\/#website\",\"url\":\"https:\/\/34.23.227.12\/\",\"name\":\"\",\"description\":\"\",\"potentialAction\":[{\"@type\":\"SearchAction\",\"target\":{\"@type\":\"EntryPoint\",\"urlTemplate\":\"https:\/\/34.23.227.12\/?s={search_term_string}\"},\"query-input\":{\"@type\":\"PropertyValueSpecification\",\"valueRequired\":true,\"valueName\":\"search_term_string\"}}],\"inLanguage\":\"en-CA\"}]}<\/script>\n<!-- \/ Yoast SEO plugin. -->","yoast_head_json":{"title":"Pourquoi nous -","robots":{"index":"index","follow":"follow","max-snippet":"max-snippet:-1","max-image-preview":"max-image-preview:large","max-video-preview":"max-video-preview:-1"},"canonical":"http:\/\/34.23.227.12\/en\/pourquoi-nous\/","og_locale":"en_US","og_type":"article","og_title":"Pourquoi nous -","og_description":"L&rsquo;\u00c9COLE DE CONDUITE RAHMA \u00c0 SAINT-L\u00c9ONARD ET A LONGUEUIL EST FOND\u00c9E SUITE \u00c0 UNE PASSION POUR L&rsquo;ENSEIGNEMENT DE CONDUITE AUTOMOBILE. DEUX \u00c9COLES B\u00c2TIES POUR VOUS SERVIR Votre experience d&rsquo;apprentissage constitue la pierre angulaire de nos activit\u00e9s d&rsquo;enseignement. Notre \u00e9quipe est l\u00e0 pour vous comprendre, et \u00eatre patiente pour vous accompagner dans votre parcours d&rsquo;un(e) futur(e) [&hellip;]","og_url":"http:\/\/34.23.227.12\/en\/pourquoi-nous\/","article_modified_time":"2023-04-26T21:32:17+00:00","og_image":[{"url":"http:\/\/www.ecoledeconduiterahmalangelier.com\/wp-content\/uploads\/2022\/12\/drv-1.jpg","type":"","width":"","height":""}],"twitter_card":"summary_large_image","twitter_misc":{"Est. reading time":"2 minutes"},"schema":{"@context":"https:\/\/schema.org","@graph":[{"@type":"WebPage","@id":"http:\/\/34.23.227.12\/pourquoi-nous\/","url":"http:\/\/34.23.227.12\/pourquoi-nous\/","name":"Pourquoi nous -","isPartOf":{"@id":"https:\/\/34.23.227.12\/#website"},"primaryImageOfPage":{"@id":"http:\/\/34.23.227.12\/pourquoi-nous\/#primaryimage"},"image":{"@id":"http:\/\/34.23.227.12\/pourquoi-nous\/#primaryimage"},"thumbnailUrl":"http:\/\/www.ecoledeconduiterahmalangelier.com\/wp-content\/uploads\/2022\/12\/drv-1.jpg","datePublished":"2022-12-06T10:49:09+00:00","dateModified":"2023-04-26T21:32:17+00:00","breadcrumb":{"@id":"http:\/\/34.23.227.12\/pourquoi-nous\/#breadcrumb"},"inLanguage":"en-CA","potentialAction":[{"@type":"ReadAction","target":["http:\/\/34.23.227.12\/pourquoi-nous\/"]}]},{"@type":"ImageObject","inLanguage":"en-CA","@id":"http:\/\/34.23.227.12\/pourquoi-nous\/#primaryimage","url":"http:\/\/www.ecoledeconduiterahmalangelier.com\/wp-content\/uploads\/2022\/12\/drv-1.jpg","contentUrl":"http:\/\/www.ecoledeconduiterahmalangelier.com\/wp-content\/uploads\/2022\/12\/drv-1.jpg"},{"@type":"BreadcrumbList","@id":"http:\/\/34.23.227.12\/pourquoi-nous\/#breadcrumb","itemListElement":[{"@type":"ListItem","position":1,"name":"Accueil","item":"https:\/\/www.ecoledeconduiterahmalangelier.com\/en\/"},{"@type":"ListItem","position":2,"name":"Pourquoi nous"}]},{"@type":"WebSite","@id":"https:\/\/34.23.227.12\/#website","url":"https:\/\/34.23.227.12\/","name":"","description":"","potentialAction":[{"@type":"SearchAction","target":{"@type":"EntryPoint","urlTemplate":"https:\/\/34.23.227.12\/?s={search_term_string}"},"query-input":{"@type":"PropertyValueSpecification","valueRequired":true,"valueName":"search_term_string"}}],"inLanguage":"en-CA"}]}},"amp_enabled":false,"_links":{"self":[{"href":"http:\/\/34.23.227.12\/en\/wp-json\/wp\/v2\/pages\/99","targetHints":{"allow":["GET"]}}],"collection":[{"href":"http:\/\/34.23.227.12\/en\/wp-json\/wp\/v2\/pages"}],"about":[{"href":"http:\/\/34.23.227.12\/en\/wp-json\/wp\/v2\/types\/page"}],"author":[{"embeddable":true,"href":"http:\/\/34.23.227.12\/en\/wp-json\/wp\/v2\/users\/1"}],"replies":[{"embeddable":true,"href":"http:\/\/34.23.227.12\/en\/wp-json\/wp\/v2\/comments?post=99"}],"version-history":[{"count":26,"href":"http:\/\/34.23.227.12\/en\/wp-json\/wp\/v2\/pages\/99\/revisions"}],"predecessor-version":[{"id":1012,"href":"http:\/\/34.23.227.12\/en\/wp-json\/wp\/v2\/pages\/99\/revisions\/1012"}],"wp:attachment":[{"href":"http:\/\/34.23.227.12\/en\/wp-json\/wp\/v2\/media?parent=99"}],"curies":[{"name":"wp","href":"https:\/\/api.w.org\/{rel}","templated":true}]}}