{"id":114,"date":"2022-12-06T05:56:56","date_gmt":"2022-12-06T10:56:56","guid":{"rendered":"https:\/\/www.ecoledeconduiterahmalangelier.com\/?page_id=114"},"modified":"2022-12-08T02:04:15","modified_gmt":"2022-12-08T07:04:15","slug":"cours-aines","status":"publish","type":"page","link":"http:\/\/34.23.227.12\/en\/cours-aines\/","title":{"rendered":"Cours de Conduite pour les A\u00een\u00e9(e)s"},"content":{"rendered":"<div data-elementor-type=\"wp-page\" data-elementor-id=\"114\" class=\"elementor elementor-114\">\n\t\t\t\t\t\t<section class=\"elementor-section elementor-top-section elementor-element elementor-element-537107f elementor-section-boxed elementor-section-height-default elementor-section-height-default\" data-id=\"537107f\" data-element_type=\"section\">\n\t\t\t\t\t\t<div class=\"elementor-container elementor-column-gap-default\">\n\t\t\t\t\t<div class=\"elementor-column elementor-col-100 elementor-top-column elementor-element elementor-element-d55453a\" data-id=\"d55453a\" data-element_type=\"column\">\n\t\t\t<div class=\"elementor-widget-wrap elementor-element-populated\">\n\t\t\t\t\t\t<div class=\"elementor-element elementor-element-8a0cee8 elementor-widget elementor-widget-spacer\" data-id=\"8a0cee8\" data-element_type=\"widget\" data-widget_type=\"spacer.default\">\n\t\t\t\t<div class=\"elementor-widget-container\">\n\t\t\t\t\t\t\t<div class=\"elementor-spacer\">\n\t\t\t<div class=\"elementor-spacer-inner\"><\/div>\n\t\t<\/div>\n\t\t\t\t\t\t<\/div>\n\t\t\t\t<\/div>\n\t\t\t\t\t<\/div>\n\t\t<\/div>\n\t\t\t\t\t<\/div>\n\t\t<\/section>\n\t\t\t\t<section class=\"elementor-section elementor-top-section elementor-element elementor-element-b5717f2 elementor-section-boxed elementor-section-height-default elementor-section-height-default\" data-id=\"b5717f2\" data-element_type=\"section\">\n\t\t\t\t\t\t<div class=\"elementor-container elementor-column-gap-default\">\n\t\t\t\t\t<div class=\"elementor-column elementor-col-100 elementor-top-column elementor-element elementor-element-27efd5b\" data-id=\"27efd5b\" data-element_type=\"column\">\n\t\t\t<div class=\"elementor-widget-wrap elementor-element-populated\">\n\t\t\t\t\t\t<div class=\"elementor-element elementor-element-def010b elementor-widget elementor-widget-heading\" data-id=\"def010b\" data-element_type=\"widget\" data-widget_type=\"heading.default\">\n\t\t\t\t<div class=\"elementor-widget-container\">\n\t\t\t\t\t<h2 class=\"elementor-heading-title elementor-size-default\">Inscription au Cours de Conduite pour les Ain\u00e9s<\/h2>\t\t\t\t<\/div>\n\t\t\t\t<\/div>\n\t\t\t\t\t<\/div>\n\t\t<\/div>\n\t\t\t\t\t<\/div>\n\t\t<\/section>\n\t\t\t\t<section class=\"elementor-section elementor-top-section elementor-element elementor-element-5e62ce0 elementor-section-boxed elementor-section-height-default elementor-section-height-default\" data-id=\"5e62ce0\" data-element_type=\"section\">\n\t\t\t\t\t\t<div class=\"elementor-container elementor-column-gap-default\">\n\t\t\t\t\t<div class=\"elementor-column elementor-col-100 elementor-top-column elementor-element elementor-element-7cb036b\" data-id=\"7cb036b\" data-element_type=\"column\">\n\t\t\t<div class=\"elementor-widget-wrap elementor-element-populated\">\n\t\t\t\t\t\t<section class=\"elementor-section elementor-inner-section elementor-element elementor-element-8afb1ba elementor-section-boxed elementor-section-height-default elementor-section-height-default\" data-id=\"8afb1ba\" data-element_type=\"section\">\n\t\t\t\t\t\t<div class=\"elementor-container elementor-column-gap-default\">\n\t\t\t\t\t<div class=\"elementor-column elementor-col-50 elementor-inner-column elementor-element elementor-element-117aff9\" data-id=\"117aff9\" data-element_type=\"column\">\n\t\t\t<div class=\"elementor-widget-wrap elementor-element-populated\">\n\t\t\t\t\t\t<div class=\"elementor-element elementor-element-d9e7ef2 elementor-widget elementor-widget-text-editor\" data-id=\"d9e7ef2\" data-element_type=\"widget\" data-widget_type=\"text-editor.default\">\n\t\t\t\t<div class=\"elementor-widget-container\">\n\t\t\t\t\t\t\t\t\t<p>Ce cours de conduite est destin\u00e9s aux personnes de 55 ans et plus afin de les aider \u00e0 apprendre les comportements s\u00e9curitaires relatifs \u00e0 la conduite \u00e0 l\u2019\u00e2ge avanc\u00e9 ainsi que de vous transmettre les avantages des nouvelles technologies int\u00e9gr\u00e9es dans les voitures modernes qui augmentera votre niveau de s\u00e9curit\u00e9 sur la route.<\/p><p>Ce cours de conduite est un cours priv\u00e9 personnalis\u00e9. Contactez-nous et nous \u00e9valuons votre besoin et nous mettrons en place un Service adapt\u00e9 \u00e0 votre besoin sp\u00e9cifique afin d\u2019assurer votre pr\u00e9paration pour l\u2019obtention de votre permis de conduire.<\/p><p>Prix : 195$ \/ 2 heures<\/p>\t\t\t\t\t\t\t\t<\/div>\n\t\t\t\t<\/div>\n\t\t\t\t\t<\/div>\n\t\t<\/div>\n\t\t\t\t<div class=\"elementor-column elementor-col-50 elementor-inner-column elementor-element elementor-element-c320c2a\" data-id=\"c320c2a\" data-element_type=\"column\">\n\t\t\t<div class=\"elementor-widget-wrap elementor-element-populated\">\n\t\t\t\t\t\t<div class=\"elementor-element elementor-element-3dea782 elementor-widget elementor-widget-image\" data-id=\"3dea782\" data-element_type=\"widget\" data-widget_type=\"image.default\">\n\t\t\t\t<div class=\"elementor-widget-container\">\n\t\t\t\t\t\t\t\t\t\t\t\t\t\t\t<img fetchpriority=\"high\" decoding=\"async\" width=\"300\" height=\"300\" src=\"http:\/\/34.23.227.12\/wp-content\/uploads\/2022\/12\/05-Cours-Aines-300x300.png\" class=\"attachment-medium size-medium wp-image-388\" alt=\"\" srcset=\"http:\/\/34.23.227.12\/wp-content\/uploads\/2022\/12\/05-Cours-Aines-300x300.png 300w, http:\/\/34.23.227.12\/wp-content\/uploads\/2022\/12\/05-Cours-Aines-1024x1024.png 1024w, http:\/\/34.23.227.12\/wp-content\/uploads\/2022\/12\/05-Cours-Aines-150x150.png 150w, http:\/\/34.23.227.12\/wp-content\/uploads\/2022\/12\/05-Cours-Aines-768x768.png 768w, http:\/\/34.23.227.12\/wp-content\/uploads\/2022\/12\/05-Cours-Aines-1536x1536.png 1536w, http:\/\/34.23.227.12\/wp-content\/uploads\/2022\/12\/05-Cours-Aines.png 2000w\" sizes=\"(max-width: 300px) 100vw, 300px\" \/>\t\t\t\t\t\t\t\t\t\t\t\t\t\t\t<\/div>\n\t\t\t\t<\/div>\n\t\t\t\t\t<\/div>\n\t\t<\/div>\n\t\t\t\t\t<\/div>\n\t\t<\/section>\n\t\t\t\t<section class=\"elementor-section elementor-inner-section elementor-element elementor-element-e276116 elementor-section-boxed elementor-section-height-default elementor-section-height-default\" data-id=\"e276116\" data-element_type=\"section\">\n\t\t\t\t\t\t<div class=\"elementor-container elementor-column-gap-default\">\n\t\t\t\t\t<div class=\"elementor-column elementor-col-50 elementor-inner-column elementor-element elementor-element-c0d2b1a\" data-id=\"c0d2b1a\" data-element_type=\"column\">\n\t\t\t<div class=\"elementor-widget-wrap elementor-element-populated\">\n\t\t\t\t\t\t<div class=\"elementor-element elementor-element-c47a85a elementor-widget elementor-widget-image\" data-id=\"c47a85a\" data-element_type=\"widget\" data-widget_type=\"image.default\">\n\t\t\t\t<div class=\"elementor-widget-container\">\n\t\t\t\t\t\t\t\t\t\t\t\t\t\t\t<img decoding=\"async\" width=\"300\" height=\"134\" src=\"http:\/\/34.23.227.12\/wp-content\/uploads\/2022\/12\/ppl-sec-300x134.png\" class=\"attachment-medium size-medium wp-image-306\" alt=\"\" srcset=\"http:\/\/34.23.227.12\/wp-content\/uploads\/2022\/12\/ppl-sec-300x134.png 300w, http:\/\/34.23.227.12\/wp-content\/uploads\/2022\/12\/ppl-sec-768x342.png 768w, http:\/\/34.23.227.12\/wp-content\/uploads\/2022\/12\/ppl-sec.png 927w\" sizes=\"(max-width: 300px) 100vw, 300px\" \/>\t\t\t\t\t\t\t\t\t\t\t\t\t\t\t<\/div>\n\t\t\t\t<\/div>\n\t\t\t\t\t<\/div>\n\t\t<\/div>\n\t\t\t\t<div class=\"elementor-column elementor-col-50 elementor-inner-column elementor-element elementor-element-b1bbffb\" data-id=\"b1bbffb\" data-element_type=\"column\">\n\t\t\t<div class=\"elementor-widget-wrap elementor-element-populated\">\n\t\t\t\t\t\t<div class=\"elementor-element elementor-element-8315601 elementor-widget elementor-widget-html\" data-id=\"8315601\" data-element_type=\"widget\" data-widget_type=\"html.default\">\n\t\t\t\t<div class=\"elementor-widget-container\">\n\t\t\t\t\t<form action=\"https:\/\/www.paypal.com\/cgi-bin\/webscr\" method=\"post\" target=\"_top\">\r\n<input type=\"hidden\" name=\"cmd\" value=\"_s-xclick\">\r\n<input type=\"hidden\" name=\"hosted_button_id\" value=\"8HWXCTG44X9MY\">\r\n<input type=\"image\" src=\"https:\/\/www.paypalobjects.com\/fr_CA\/i\/btn\/btn_buynowCC_LG.gif\" border=\"0\" name=\"submit\" alt=\"PayPal - la solution de paiement en ligne la plus simple et la plus s\u00e9curis\u00e9e !\">\r\n<img decoding=\"async\" alt=\"\" border=\"0\" src=\"https:\/\/www.paypalobjects.com\/fr_CA\/i\/scr\/pixel.gif\" width=\"1\" height=\"1\">\r\n<\/form>\r\n\t\t\t\t<\/div>\n\t\t\t\t<\/div>\n\t\t\t\t\t<\/div>\n\t\t<\/div>\n\t\t\t\t\t<\/div>\n\t\t<\/section>\n\t\t\t\t\t<\/div>\n\t\t<\/div>\n\t\t\t\t\t<\/div>\n\t\t<\/section>\n\t\t\t\t<\/div>","protected":false},"excerpt":{"rendered":"<p>Inscription au Cours de Conduite pour les Ain\u00e9s Ce cours de conduite est destin\u00e9s aux personnes de 55 ans et plus afin de les aider \u00e0 apprendre les comportements s\u00e9curitaires relatifs \u00e0 la conduite \u00e0 l\u2019\u00e2ge avanc\u00e9 ainsi que de vous transmettre les avantages des nouvelles technologies int\u00e9gr\u00e9es dans les voitures modernes qui augmentera votre [&hellip;]<\/p>","protected":false},"author":1,"featured_media":0,"parent":0,"menu_order":0,"comment_status":"closed","ping_status":"closed","template":"","meta":{"footnotes":""},"class_list":["post-114","page","type-page","status-publish","hentry"],"yoast_head":"<!-- This site is optimized with the Yoast SEO plugin v25.2 - https:\/\/yoast.com\/wordpress\/plugins\/seo\/ -->\n<title>Cours de Conduite pour les A\u00een\u00e9(e)s -<\/title>\n<meta name=\"robots\" content=\"index, follow, max-snippet:-1, max-image-preview:large, max-video-preview:-1\" \/>\n<link rel=\"canonical\" href=\"http:\/\/34.23.227.12\/en\/cours-aines\/\" \/>\n<meta property=\"og:locale\" content=\"en_US\" \/>\n<meta property=\"og:type\" content=\"article\" \/>\n<meta property=\"og:title\" content=\"Cours de Conduite pour les A\u00een\u00e9(e)s -\" \/>\n<meta property=\"og:description\" content=\"Inscription au Cours de Conduite pour les Ain\u00e9s Ce cours de conduite est destin\u00e9s aux personnes de 55 ans et plus afin de les aider \u00e0 apprendre les comportements s\u00e9curitaires relatifs \u00e0 la conduite \u00e0 l\u2019\u00e2ge avanc\u00e9 ainsi que de vous transmettre les avantages des nouvelles technologies int\u00e9gr\u00e9es dans les voitures modernes qui augmentera votre [&hellip;]\" \/>\n<meta property=\"og:url\" content=\"http:\/\/34.23.227.12\/en\/cours-aines\/\" \/>\n<meta property=\"article:modified_time\" content=\"2022-12-08T07:04:15+00:00\" \/>\n<meta property=\"og:image\" content=\"http:\/\/www.ecoledeconduiterahmalangelier.com\/wp-content\/uploads\/2022\/12\/05-Cours-Aines-300x300.png\" \/>\n<meta name=\"twitter:card\" content=\"summary_large_image\" \/>\n<meta name=\"twitter:label1\" content=\"Est. reading time\" \/>\n\t<meta name=\"twitter:data1\" content=\"1 minute\" \/>\n<script type=\"application\/ld+json\" class=\"yoast-schema-graph\">{\"@context\":\"https:\/\/schema.org\",\"@graph\":[{\"@type\":\"WebPage\",\"@id\":\"http:\/\/34.23.227.12\/en\/cours-aines\/\",\"url\":\"http:\/\/34.23.227.12\/en\/cours-aines\/\",\"name\":\"Cours de Conduite pour les A\u00een\u00e9(e)s -\",\"isPartOf\":{\"@id\":\"https:\/\/34.23.227.12\/#website\"},\"primaryImageOfPage\":{\"@id\":\"http:\/\/34.23.227.12\/en\/cours-aines\/#primaryimage\"},\"image\":{\"@id\":\"http:\/\/34.23.227.12\/en\/cours-aines\/#primaryimage\"},\"thumbnailUrl\":\"http:\/\/www.ecoledeconduiterahmalangelier.com\/wp-content\/uploads\/2022\/12\/05-Cours-Aines-300x300.png\",\"datePublished\":\"2022-12-06T10:56:56+00:00\",\"dateModified\":\"2022-12-08T07:04:15+00:00\",\"breadcrumb\":{\"@id\":\"http:\/\/34.23.227.12\/en\/cours-aines\/#breadcrumb\"},\"inLanguage\":\"en-CA\",\"potentialAction\":[{\"@type\":\"ReadAction\",\"target\":[\"http:\/\/34.23.227.12\/en\/cours-aines\/\"]}]},{\"@type\":\"ImageObject\",\"inLanguage\":\"en-CA\",\"@id\":\"http:\/\/34.23.227.12\/en\/cours-aines\/#primaryimage\",\"url\":\"http:\/\/www.ecoledeconduiterahmalangelier.com\/wp-content\/uploads\/2022\/12\/05-Cours-Aines-300x300.png\",\"contentUrl\":\"http:\/\/www.ecoledeconduiterahmalangelier.com\/wp-content\/uploads\/2022\/12\/05-Cours-Aines-300x300.png\"},{\"@type\":\"BreadcrumbList\",\"@id\":\"http:\/\/34.23.227.12\/en\/cours-aines\/#breadcrumb\",\"itemListElement\":[{\"@type\":\"ListItem\",\"position\":1,\"name\":\"Accueil\",\"item\":\"https:\/\/www.ecoledeconduiterahmalangelier.com\/en\/\"},{\"@type\":\"ListItem\",\"position\":2,\"name\":\"Cours de Conduite pour les A\u00een\u00e9(e)s\"}]},{\"@type\":\"WebSite\",\"@id\":\"https:\/\/34.23.227.12\/#website\",\"url\":\"https:\/\/34.23.227.12\/\",\"name\":\"\",\"description\":\"\",\"potentialAction\":[{\"@type\":\"SearchAction\",\"target\":{\"@type\":\"EntryPoint\",\"urlTemplate\":\"https:\/\/34.23.227.12\/?s={search_term_string}\"},\"query-input\":{\"@type\":\"PropertyValueSpecification\",\"valueRequired\":true,\"valueName\":\"search_term_string\"}}],\"inLanguage\":\"en-CA\"}]}<\/script>\n<!-- \/ Yoast SEO plugin. -->","yoast_head_json":{"title":"Cours de Conduite pour les A\u00een\u00e9(e)s -","robots":{"index":"index","follow":"follow","max-snippet":"max-snippet:-1","max-image-preview":"max-image-preview:large","max-video-preview":"max-video-preview:-1"},"canonical":"http:\/\/34.23.227.12\/en\/cours-aines\/","og_locale":"en_US","og_type":"article","og_title":"Cours de Conduite pour les A\u00een\u00e9(e)s -","og_description":"Inscription au Cours de Conduite pour les Ain\u00e9s Ce cours de conduite est destin\u00e9s aux personnes de 55 ans et plus afin de les aider \u00e0 apprendre les comportements s\u00e9curitaires relatifs \u00e0 la conduite \u00e0 l\u2019\u00e2ge avanc\u00e9 ainsi que de vous transmettre les avantages des nouvelles technologies int\u00e9gr\u00e9es dans les voitures modernes qui augmentera votre [&hellip;]","og_url":"http:\/\/34.23.227.12\/en\/cours-aines\/","article_modified_time":"2022-12-08T07:04:15+00:00","og_image":[{"url":"http:\/\/www.ecoledeconduiterahmalangelier.com\/wp-content\/uploads\/2022\/12\/05-Cours-Aines-300x300.png","type":"","width":"","height":""}],"twitter_card":"summary_large_image","twitter_misc":{"Est. reading time":"1 minute"},"schema":{"@context":"https:\/\/schema.org","@graph":[{"@type":"WebPage","@id":"http:\/\/34.23.227.12\/en\/cours-aines\/","url":"http:\/\/34.23.227.12\/en\/cours-aines\/","name":"Cours de Conduite pour les A\u00een\u00e9(e)s -","isPartOf":{"@id":"https:\/\/34.23.227.12\/#website"},"primaryImageOfPage":{"@id":"http:\/\/34.23.227.12\/en\/cours-aines\/#primaryimage"},"image":{"@id":"http:\/\/34.23.227.12\/en\/cours-aines\/#primaryimage"},"thumbnailUrl":"http:\/\/www.ecoledeconduiterahmalangelier.com\/wp-content\/uploads\/2022\/12\/05-Cours-Aines-300x300.png","datePublished":"2022-12-06T10:56:56+00:00","dateModified":"2022-12-08T07:04:15+00:00","breadcrumb":{"@id":"http:\/\/34.23.227.12\/en\/cours-aines\/#breadcrumb"},"inLanguage":"en-CA","potentialAction":[{"@type":"ReadAction","target":["http:\/\/34.23.227.12\/en\/cours-aines\/"]}]},{"@type":"ImageObject","inLanguage":"en-CA","@id":"http:\/\/34.23.227.12\/en\/cours-aines\/#primaryimage","url":"http:\/\/www.ecoledeconduiterahmalangelier.com\/wp-content\/uploads\/2022\/12\/05-Cours-Aines-300x300.png","contentUrl":"http:\/\/www.ecoledeconduiterahmalangelier.com\/wp-content\/uploads\/2022\/12\/05-Cours-Aines-300x300.png"},{"@type":"BreadcrumbList","@id":"http:\/\/34.23.227.12\/en\/cours-aines\/#breadcrumb","itemListElement":[{"@type":"ListItem","position":1,"name":"Accueil","item":"https:\/\/www.ecoledeconduiterahmalangelier.com\/en\/"},{"@type":"ListItem","position":2,"name":"Cours de Conduite pour les A\u00een\u00e9(e)s"}]},{"@type":"WebSite","@id":"https:\/\/34.23.227.12\/#website","url":"https:\/\/34.23.227.12\/","name":"","description":"","potentialAction":[{"@type":"SearchAction","target":{"@type":"EntryPoint","urlTemplate":"https:\/\/34.23.227.12\/?s={search_term_string}"},"query-input":{"@type":"PropertyValueSpecification","valueRequired":true,"valueName":"search_term_string"}}],"inLanguage":"en-CA"}]}},"amp_enabled":true,"_links":{"self":[{"href":"http:\/\/34.23.227.12\/en\/wp-json\/wp\/v2\/pages\/114","targetHints":{"allow":["GET"]}}],"collection":[{"href":"http:\/\/34.23.227.12\/en\/wp-json\/wp\/v2\/pages"}],"about":[{"href":"http:\/\/34.23.227.12\/en\/wp-json\/wp\/v2\/types\/page"}],"author":[{"embeddable":true,"href":"http:\/\/34.23.227.12\/en\/wp-json\/wp\/v2\/users\/1"}],"replies":[{"embeddable":true,"href":"http:\/\/34.23.227.12\/en\/wp-json\/wp\/v2\/comments?post=114"}],"version-history":[{"count":10,"href":"http:\/\/34.23.227.12\/en\/wp-json\/wp\/v2\/pages\/114\/revisions"}],"predecessor-version":[{"id":496,"href":"http:\/\/34.23.227.12\/en\/wp-json\/wp\/v2\/pages\/114\/revisions\/496"}],"wp:attachment":[{"href":"http:\/\/34.23.227.12\/en\/wp-json\/wp\/v2\/media?parent=114"}],"curies":[{"name":"wp","href":"https:\/\/api.w.org\/{rel}","templated":true}]}}